{"id":25,"date":"2014-06-24T21:43:10","date_gmt":"2014-06-24T19:43:10","guid":{"rendered":"http:\/\/patchwerkstatt.kowalke-net.de\/pw2\/?page_id=25"},"modified":"2019-01-13T15:12:55","modified_gmt":"2019-01-13T14:12:55","slug":"datenschutzhinweis","status":"publish","type":"page","link":"https:\/\/patchwerkstatt.kowalke-net.de\/pw2\/datenschutzhinweis\/","title":{"rendered":"Datenschutzhinweis"},"content":{"rendered":"<p>Wir nehmen den Schutz Ihrer pers\u00f6nlichen Daten sehr ernst und halten uns an die Regeln der Datenschutzgesetze. Die nachfolgende Erkl\u00e4rung gibt Ihnen einen \u00dcberblick dar\u00fcber, welche Art von Daten zu welchem Zweck erhoben werden und in welchem Umfang diese Daten Dritten zug\u00e4nglich gemacht werden.<\/p>\n<h3>Datenverarbeitung auf patchwerkstatt.kowalke-net.de<\/h3>\n<p>In den unvermeidlichen Serverstatistiken werden automatisch solche Daten gespeichert, die Ihr Browser an<br \/>\npatchwerkstatt.kowalke-net\u00a0\u00fcbermittelt. Dies sind:<\/p>\n<ul>\n<li>Browsertyp\/ -version<\/li>\n<li>verwendetes Betriebssystem<\/li>\n<li>Referrer URL (die zuvor besuchte Seite)<\/li>\n<li>Hostname des zugreifenden Rechners (IP Adresse)<\/li>\n<li>Uhrzeit der Serveranfrage<\/li>\n<\/ul>\n<p>Diese Daten sind f\u00fcr uns in der Regel nicht bestimmten Personen zuordenbar. Eine Zusammenf\u00fchrung dieser Daten mit anderen Datenquellen wird nicht vorgenommen, die Daten werden zudem nach einer statistischen Auswertung gel\u00f6scht.<\/p>\n<h3>Google Analytics<\/h3>\n<p>Diese Website benutzt Google Analytics, einen Webanalysedienst der Google Inc. (\u201eGoogle\u201c). Google Analytics verwendet sog. \u201eCookies\u201c, Textdateien, die auf Ihrem Computer gespeichert werden und die eine Analyse der Benutzung der Website durch Sie erm\u00f6glichen. Die durch den Cookie erzeugten Informationen \u00fcber Ihre Benutzung dieser Website werden in der Regel an einen Server von Google in den USA \u00fcbertragen und dort gespeichert.<\/p>\n<p>Im Falle der Aktivierung der IP-Anonymisierung auf dieser Webseite, wird Ihre IP-Adresse von Google jedoch innerhalb von Mitgliedstaaten der Europ\u00e4ischen Union oder in anderen Vertragsstaaten des Abkommens \u00fcber den Europ\u00e4ischen Wirtschaftsraum zuvor gek\u00fcrzt. Nur in Ausnahmef\u00e4llen wird die volle IP-Adresse an einen Server von Google in den USA \u00fcbertragen und dort gek\u00fcrzt. Die IP-Anonymisierung ist auf dieser Website aktiv.\u00a0Im Auftrag des Betreibers dieser Website wird Google diese Informationen benutzen, um Ihre Nutzung der Website auszuwerten, um Reports \u00fcber die Websiteaktivit\u00e4ten zusammenzustellen und um weitere mit der Websitenutzung und der Internetnutzung verbundene Dienstleistungen gegen\u00fcber dem Websitebetreiber zu erbringen.<\/p>\n<p>Die im Rahmen von Google Analytics von Ihrem Browser \u00fcbermittelte IP-Adresse wird nicht mit anderen Daten von Google zusammengef\u00fchrt. Sie k\u00f6nnen die Speicherung der Cookies durch eine entsprechende Einstellung Ihrer Browser-Software verhindern; wir weisen Sie jedoch darauf hin, dass Sie in diesem Fall gegebenenfalls nicht s\u00e4mtliche Funktionen dieser Website vollumf\u00e4nglich werden nutzen k\u00f6nnen. Sie k\u00f6nnen dar\u00fcber hinaus die Erfassung der durch das Cookie erzeugten und auf Ihre Nutzung der Website bezogenen Daten (inkl. Ihrer IP-Adresse) an Google sowie die Verarbeitung dieser Daten durch Google verhindern, indem sie das unter dem folgenden Link verf\u00fcgbare Browser-Plugin herunterladen und installieren:\u00a0<a title=\"http:\/\/tools.google.com\/dlpage\/gaoptout?hl=de\" href=\"http:\/\/tools.google.com\/dlpage\/gaoptout?hl=de\" target=\"_blank\" rel=\"noopener\">http:\/\/tools.google.com\/dlpage\/gaoptout?hl=de<\/a>.<\/p>\n<p>Alternativ zum Browser-Add-On oder innerhalb von Browsern auf mobilen Ger\u00e4ten,\u00a0<a id=\"GAOptOut\" class=\"mceItemAnchor\" title=\"Google Analytics Opt-Out-Cookie setzen\"><\/a>klicken Sie bitte diesen Link, um die Erfassung durch Google Analytics innerhalb dieser Website zuk\u00fcnftig zu verhindern (das Opt Out funktioniert nur in dem Browser und nur f\u00fcr diese Domain). Dabei wird ein Opt-Out-Cookie auf Ihrem Ger\u00e4t abgelegt. L&amp;ouml;schen Sie Ihre Cookies in diesem Browser, m\u00fcssen Sie diesen Link erneut klicken.<\/p>\n<h3>Cookies<\/h3>\n<p>Die Internetseiten verwenden an mehreren Stellen so genannte Cookies. Sie dienen dazu, mein Angebot nutzerfreundlicher, effektiver und sicherer zu machen. Cookies sind kleine Textdateien, die auf Ihrem Rechner abgelegt werden und die Ihr Browser speichert. Die meisten der von patchwerkstatt.kowalke-net.de verwendeten Cookies sind so genannte \u201eSession-Cookies\u201c. Sie werden nach Ende Ihres Besuchs automatisch gel\u00f6scht. Cookies richten auf Ihrem Rechner keinen Schaden an und enthalten keine Viren.<\/p>\n<h3>Kommentare und Emails<\/h3>\n<p>Selbstverst\u00e4ndlich erfasst und speichert\u00a0patchwerkstatt.kowalke-net.de solche Informationen, die Sie hier auf der Seite eingeben oder uns in sonstiger Weise \u00fcbermitteln. Das betrifft etwa Kommentare, Namen, E-Mail-Adressen und URLs, die Sie in die entsprechenden Kommentarfelder eintragen. Diese Angaben geschehen freiwillig und werden in keiner Weise \u00fcberpr\u00fcft, die Verwendung von Pseudonymen etc. ist m\u00f6glich. Wir weisen darauf hin, dass Name, angegebene Webseite und Kommentare f\u00fcr jeden Benutzer von patchwerkstatt.kowalke-net.de einzusehen sind.<\/p>\n<p>In besonders hartn\u00e4ckigen F\u00e4llen von Spam behalten wir uns vor, Spamkommentare (Name, E-Mailadresse und IP-Adresse) an\u00a0<a href=\"http:\/\/www.stopforumspam.com\/\" target=\"_blank\" rel=\"nofollow noopener\">Stop Forum Spam<\/a>\u00a0zu melden, um auch andere Blogs von diesem Spam zu verschonen.<\/p>\n<p>Daten werden auch erfasst und gespeichert, wenn Sie E-Mails an uns senden.<\/p>\n<h3>Auskunftsrecht<\/h3>\n<p>Wir w\u00fcrden Ihnen gern Auskunft \u00fcber die bei uns gespeicherten pers\u00f6nlichen Daten geben. Wir wissen allerdings nicht mehr, als Sie auch. Dieses wenige Wissen teilen wir im Rahmen der gesetzlichen Auskunftsanspr\u00fcche allerdings gern nochmals mit Ihnen.<\/p>\n<p>Wenn Sie weitere Fragen zur Behandlung Ihrer Daten haben, dann senden Sie uns einfach eine\u00a0<a title=\"Impressum\" href=\"mailto:patchwerkstatt@kowalke-net.de\">E-Mail<\/a>\u00a0oder nutzen das\u00a0<a title=\"Kontakt\" href=\"https:\/\/patchwerkstatt.kowalke-net.de\/pw2\/kontakt\/\">Kontaktformular<\/a>.<\/p>\n<div id=\"vgwpixel\"><\/div>\n<div class=\"twoclick_social_bookmarks_post_25 social_share_privacy clearfix 1.6.4 locale-de_DE sprite-de_DE\"><\/div><div class=\"twoclick-js\"><script type=\"text\/javascript\">\/* <![CDATA[ *\/\njQuery(document).ready(function($){if($('.twoclick_social_bookmarks_post_25')){$('.twoclick_social_bookmarks_post_25').socialSharePrivacy({\"services\":{\"facebook\":{\"status\":\"on\",\"txt_info\":\"2 Klicks f\\u00fcr mehr Datenschutz: Erst wenn Sie hier klicken, wird der Button aktiv und Sie k\\u00f6nnen Ihre Empfehlung an Facebook senden. Schon beim Aktivieren werden Daten an Dritte \\u00fcbertragen - siehe <em>i<\\\/em>.\",\"perma_option\":\"off\",\"action\":\"like\",\"language\":\"de_DE\"},\"gplus\":{\"status\":\"on\",\"txt_info\":\"2 Klicks f\\u00fcr mehr Datenschutz: Erst wenn Sie hier klicken, wird der Button aktiv und Sie k\\u00f6nnen Ihre Empfehlung an Google+ senden. Schon beim Aktivieren werden Daten an Dritte \\u00fcbertragen - siehe <em>i<\\\/em>.\",\"perma_option\":\"off\",\"referrer_track\":\"\"}},\"txt_help\":\"Wenn Sie diese Felder durch einen Klick aktivieren, werden Informationen an Facebook, Twitter, Flattr, Xing, t3n, LinkedIn, Pinterest oder Google eventuell ins Ausland \\u00fcbertragen und unter Umst\\u00e4nden auch dort gespeichert. N\\u00e4heres erfahren Sie durch einen Klick auf das <em>i<\\\/em>.\",\"settings_perma\":\"Dauerhaft aktivieren und Daten\\u00fcber-tragung zustimmen:\",\"info_link\":\"http:\\\/\\\/www.heise.de\\\/ct\\\/artikel\\\/2-Klicks-fuer-mehr-Datenschutz-1333879.html\",\"uri\":\"https:\\\/\\\/patchwerkstatt.kowalke-net.de\\\/pw2\\\/datenschutzhinweis\\\/\",\"post_id\":25,\"post_title_referrer_track\":\"Datenschutzhinweis\",\"display_infobox\":\"on\"});}});\n\/* ]]> *\/<\/script><\/div>","protected":false},"excerpt":{"rendered":"<p>Wir nehmen den Schutz Ihrer pers\u00f6nlichen Daten sehr ernst und halten uns an die Regeln der Datenschutzgesetze. Die nachfolgende Erkl\u00e4rung gibt Ihnen einen \u00dcberblick dar\u00fcber, welche Art von Daten zu welchem Zweck erhoben werden und in welchem Umfang diese Daten Dritten zug\u00e4nglich gemacht werden. Datenverarbeitung auf patchwerkstatt.kowalke-net.de In den unvermeidlichen Serverstatistiken werden automatisch solche Daten [&hellip;]<\/p>\n","protected":false},"author":1,"featured_media":7,"parent":0,"menu_order":0,"comment_status":"open","ping_status":"closed","template":"","meta":[],"_links":{"self":[{"href":"https:\/\/patchwerkstatt.kowalke-net.de\/pw2\/wp-json\/wp\/v2\/pages\/25"}],"collection":[{"href":"https:\/\/patchwerkstatt.kowalke-net.de\/pw2\/wp-json\/wp\/v2\/pages"}],"about":[{"href":"https:\/\/patchwerkstatt.kowalke-net.de\/pw2\/wp-json\/wp\/v2\/types\/page"}],"author":[{"embeddable":true,"href":"https:\/\/patchwerkstatt.kowalke-net.de\/pw2\/wp-json\/wp\/v2\/users\/1"}],"replies":[{"embeddable":true,"href":"https:\/\/patchwerkstatt.kowalke-net.de\/pw2\/wp-json\/wp\/v2\/comments?post=25"}],"version-history":[{"count":4,"href":"https:\/\/patchwerkstatt.kowalke-net.de\/pw2\/wp-json\/wp\/v2\/pages\/25\/revisions"}],"predecessor-version":[{"id":1287,"href":"https:\/\/patchwerkstatt.kowalke-net.de\/pw2\/wp-json\/wp\/v2\/pages\/25\/revisions\/1287"}],"wp:featuredmedia":[{"embeddable":true,"href":"https:\/\/patchwerkstatt.kowalke-net.de\/pw2\/wp-json\/wp\/v2\/media\/7"}],"wp:attachment":[{"href":"https:\/\/patchwerkstatt.kowalke-net.de\/pw2\/wp-json\/wp\/v2\/media?parent=25"}],"curies":[{"name":"wp","href":"https:\/\/api.w.org\/{rel}","templated":true}]}}